{"id":3542,"date":"2023-04-14T13:51:55","date_gmt":"2023-04-14T11:51:55","guid":{"rendered":"https:\/\/bonsviualcudia.com\/?page_id=3542"},"modified":"2024-02-22T16:51:01","modified_gmt":"2024-02-22T15:51:01","slug":"politica-de-privacidad","status":"publish","type":"page","link":"https:\/\/bonsviualcudia.com\/es\/politica-de-privacidad\/","title":{"rendered":"Pol\u00edtica de privacidad"},"content":{"rendered":"<div class=\"fusion-fullwidth fullwidth-box fusion-builder-row-1 fusion-flex-container has-pattern-background has-mask-background nonhundred-percent-fullwidth non-hundred-percent-height-scrolling\" style=\"background-color: rgba(255,255,255,0);background-position: center center;background-repeat: no-repeat;border-width: 0px 0px 0px 0px;border-color:#eae9e9;border-style:solid;\" ><div class=\"fusion-builder-row fusion-row fusion-flex-align-items-flex-start\" style=\"max-width:1144px;margin-left: calc(-4% \/ 2 );margin-right: calc(-4% \/ 2 );\"><div class=\"fusion-layout-column fusion_builder_column fusion-builder-column-0 fusion_builder_column_1_1 1_1 fusion-flex-column\"><div class=\"fusion-column-wrapper fusion-flex-justify-content-flex-start fusion-content-layout-column\" style=\"background-position:left top;background-repeat:no-repeat;-webkit-background-size:cover;-moz-background-size:cover;-o-background-size:cover;background-size:cover;padding: 0px 0px 0px 0px;\"><div class=\"fusion-text fusion-text-1\"><h2 style=\"font-size: 35px;\"><strong>1. RESPONSABLE DEL TRATAMIENTO<\/strong><\/h2>\n<p>El tratamiento de todos los datos personales es responsabilidad del Ayuntamiento de Alcudia, provista de NIF P0700300G, con domicilio social en Major 9,07400 Alcudia(Illes Balears), Espa\u00f1a, bajo las leyes de protecci\u00f3n de datos de la Uni\u00f3n Europea y de Espa\u00f1a.<\/p>\n<p>El Ayuntamiento de Alcudia se compromete al cumplimiento de su obligaci\u00f3n de secreto sobre los datos de car\u00e1cter personal y a tratarlos con confidencialidad. Por ello, se han adoptado medidas necesarias para evitar su alteraci\u00f3n, p\u00e9rdida, tratamiento o acceso no autorizado, habida cuenta en todo momento del estado de la tecnolog\u00eda y con arreglo a lo previsto en la legislaci\u00f3n en materia de protecci\u00f3n de datos de car\u00e1cter personal que sea aplicable en Espa\u00f1a en cada momento.<\/p>\n<p>Los datos que proporcione el usuario ser\u00e1n utilizados para los fines descritos en esta Pol\u00edtica de Privacidad, entre los que se encuentran prestar los servicios solicitados y mejorar la experiencia con el Ayuntamiento de Alcudia. La presente Pol\u00edtica de Privacidad puede ser actualizada, por lo que es recomendable que el usuario la revise regularmente.<\/p>\n<h2 style=\"font-size: 35px;\"><strong>2. FINALIDAD<\/strong><\/h2>\n<p>Los datos de nuestros usuarios ser\u00e1n tratados con las siguientes finalidades:<\/p>\n<p>Tramitar y gestionar la solicitud del servicio, as\u00ed como su prestaci\u00f3n.<br \/>\nContactar con usted si fuera necesario.<br \/>\nGestionar el alta en cualquiera de los programas y convocatorias promovidos por el Ayuntamiento de Alcudia a trav\u00e9s de su sede electr\u00f3nica.<br \/>\nFines administrativos: contabilidad, facturaci\u00f3n, auditor\u00eda, as\u00ed como verificar los medios de pago.<br \/>\nRealizar actividades de marketing, como pueden ser verificar, mantener y desarrollar sistemas y an\u00e1lisis estad\u00edsticos de diferente \u00edndole.<br \/>\nEnv\u00edo de comunicaciones (bolet\u00edn digital semanal y cualquier otra informaci\u00f3n que pudiera ser de su inter\u00e9s sobre servicios, productos, novedades y otros aspectos del Ayuntamiento de Alcudia o colaboradores, en funci\u00f3n de los intereses y servicios recibidos anteriormente) en caso de haberse suscrito a nuestro bolet\u00edn y haber consentido el env\u00edo de comunicaciones.<br \/>\nEl Ayuntamiento de Alcudia conservar\u00e1 los datos personales proporcionados durante el tiempo necesario para cumplir con la finalidad para la que se recaban y para determinar las posibles responsabilidades que se pudieran derivar de la finalidad, adem\u00e1s de los per\u00edodos establecidos en la normativa vigente.<\/p>\n<h2 style=\"font-size: 35px;\"><strong>3. OBLIGATORIEDAD DE FACILITAR LOS DATOS<\/strong><\/h2>\n<p>Los datos solicitados en los formularios accesibles desde la WEB son, con car\u00e1cter general, obligatorios para el cumplimiento de las finalidades establecidas, salvo que se especifique lo contrario en el campo referido. Por tanto, si los mismos no se facilitan, o no son exactos, no podr\u00e1n atenderse las mencionadas finalidades.<\/p>\n<h2 style=\"font-size: 35px;\"><strong>4. PROCEDENCIA Y LEGITIMACI\u00d3N<\/strong><\/h2>\n<p>La base de legitimaci\u00f3n para el tratamiento de los datos recabados es la gesti\u00f3n de la relaci\u00f3n jur\u00eddica que se establece con el usuario, la prestaci\u00f3n de los servicios solicitados y el cumplimiento de las obligaciones legales.<\/p>\n<p>La procedencia de estos datos es la siguiente:<\/p>\n<p>A trav\u00e9s de los formularios de la WEB cumplimentados por el usuario o de las solicitudes y peticiones cursadas a trav\u00e9s de correo electr\u00f3nico.<br \/>\nCada vez que el usuario usa nuestros servicios.<br \/>\nEl usuario responde de la veracidad de los datos facilitados y se responsabilizar\u00e1 de comunicar a el Ayuntamiento de Alcudia cualquier modificaci\u00f3n de los mismos. El Ayuntamiento de Alcudia se reserva el derecho a excluir de los servicios registrados a todo usuario que haya facilitado datos falsos o fraudulentos, sin perjuicio de las dem\u00e1s acciones que procedan en Derecho.<\/p>\n<p>El Ayuntamiento de Alcudia tambi\u00e9n puede obtener determinada informaci\u00f3n de los usuarios:<\/p>\n<p>Cuando navegan a trav\u00e9s de la WEB, como puede ser el n\u00famero de visitas o el tiempo en cada p\u00e1gina, entre otros.<br \/>\nA trav\u00e9s de los correos electr\u00f3nicos, como son las confirmaciones de lectura.<br \/>\nDesde las cuentas de titularidad del Ayuntamiento de Alcudia en diferentes redes sociales, determinada informaci\u00f3n que el usuario previamente ha aceptado compartir a trav\u00e9s de dichas redes. Estos datos recabados pueden ser usados para la creaci\u00f3n de campa\u00f1as de publicidad segmentada, concursos, sorteos y promociones, de conformidad con las condiciones particulares y pol\u00edtica de privacidad de cada red social.<\/p>\n<h2 style=\"font-size: 35px;\"><strong>5. COMUNICACI\u00d3N DE DATOS<\/strong><\/h2>\n<p>El Ayuntamiento de Alcudia no comercializa los datos personales.<\/p>\n<p>El Ayuntamiento de Alcudia no ceder\u00e1 datos a terceros, salvo:<\/p>\n<ul>\n<li>obligaci\u00f3n legal.<\/li>\n<li>en el caso que haya otorgado su consentimiento en virtud de un acuerdo espec\u00edfico con el responsable.<\/li>\n<li>el establecimiento de convenios de colaboraci\u00f3n con entidades y empresas con las que desarrollamos acciones y programas conjuntamente.<\/li>\n<\/ul>\n<p>Determinados servicios y programas que realiza el Ayuntamiento de Alcudia conllevan la colaboraci\u00f3n y\/o cofinanciaci\u00f3n de otras entidades. En este enlace puedes consultar actualizado el listado de los destinatarios para cada una de las principales actividades del Ayuntamiento de Alcudia .<\/p>\n<h2 style=\"font-size: 35px;\"><strong>6. DERECHOS DEL USUARIO<\/strong><\/h2>\n<p>El usuario puede enviar una solicitud por escrito al domicilio social del Ayuntamiento de Alcudia (Major 9, 07400 Alcudia) o a trav\u00e9s de la direcci\u00f3n de correo electr\u00f3nico ajuntament@alcudia.net con la finalidad de obtener informaci\u00f3n adicional y de ejercitar los derechos de acceso, rectificaci\u00f3n, oposici\u00f3n, supresi\u00f3n, limitaci\u00f3n y portabilidad y para oponerse a decisiones individuales automatizadas que puedan afectarle significativamente o comportarle efectos jur\u00eddicos, de acuerdo con el art\u00edculo 22 del Reglamento de la UE 2016\/679.<\/p>\n<p>Su escrito debe contener la siguiente informaci\u00f3n:<\/p>\n<p>Su nombre y direcci\u00f3n postal.<br \/>\nObjeto de su solicitud.<br \/>\nCualquier dato que ayude a localizar los datos que sean objeto de su solicitud.<br \/>\nUna fotocopia del DNI, NIE o pasaporte, para que podamos comprobar su identidad y un tercero no ejercite fraudulentamente sus derechos.<br \/>\nSu firma y la fecha de la solicitud.<br \/>\nAdem\u00e1s, en caso de que considere que se ha vulnerado cualquiera de sus derechos, como interesado, el usuario est\u00e1 facultado para presentar una reclamaci\u00f3n ante la Agencia Espa\u00f1ola de Protecci\u00f3n de Datos (AEPD), sita en C\/Jorge juan, 6, 28001 Madrid https:\/\/www.agpd.es<\/p>\n<\/div><\/div><style type=\"text\/css\">.fusion-body .fusion-builder-column-0{width:100% !important;margin-top : 0px;margin-bottom : 0px;}.fusion-builder-column-0 > .fusion-column-wrapper {padding-top : 0px !important;padding-right : 0px !important;margin-right : 1.92%;padding-bottom : 0px !important;padding-left : 0px !important;margin-left : 1.92%;}@media only screen and (max-width:1024px) {.fusion-body .fusion-builder-column-0{width:100% !important;order : 0;}.fusion-builder-column-0 > .fusion-column-wrapper {margin-right : 1.92%;margin-left : 1.92%;}}@media only screen and (max-width:640px) {.fusion-body .fusion-builder-column-0{width:100% !important;order : 0;}.fusion-builder-column-0 > .fusion-column-wrapper {margin-right : 1.92%;margin-left : 1.92%;}}<\/style><\/div><\/div><style type=\"text\/css\">.fusion-body .fusion-flex-container.fusion-builder-row-1{ padding-top : 0px;margin-top : 0px;padding-right : 0px;padding-bottom : 0px;margin-bottom : 0px;padding-left : 0px;}<\/style><\/div>\n","protected":false},"excerpt":{"rendered":"","protected":false},"author":1,"featured_media":0,"parent":0,"menu_order":0,"comment_status":"closed","ping_status":"closed","template":"","meta":{"_monsterinsights_skip_tracking":false,"_monsterinsights_sitenote_active":false,"_monsterinsights_sitenote_note":"","_monsterinsights_sitenote_category":0,"footnotes":""},"class_list":["post-3542","page","type-page","status-publish","hentry"],"yoast_head":"<!-- This site is optimized with the Yoast SEO plugin v25.1 - https:\/\/yoast.com\/wordpress\/plugins\/seo\/ -->\n<title>Pol\u00edtica de privacidad - Bons Viu Alc\u00fadia<\/title>\n<meta name=\"robots\" content=\"index, follow, max-snippet:-1, max-image-preview:large, max-video-preview:-1\" \/>\n<link rel=\"canonical\" href=\"https:\/\/bonsviualcudia.com\/es\/politica-de-privacidad\/\" \/>\n<meta property=\"og:locale\" content=\"es_ES\" \/>\n<meta property=\"og:type\" content=\"article\" \/>\n<meta property=\"og:title\" content=\"Pol\u00edtica de privacidad - Bons Viu Alc\u00fadia\" \/>\n<meta property=\"og:url\" content=\"https:\/\/bonsviualcudia.com\/es\/politica-de-privacidad\/\" \/>\n<meta property=\"og:site_name\" content=\"Bons Viu Alc\u00fadia\" \/>\n<meta property=\"article:modified_time\" content=\"2024-02-22T15:51:01+00:00\" \/>\n<meta name=\"twitter:card\" content=\"summary_large_image\" \/>\n<meta name=\"twitter:label1\" content=\"Tiempo de lectura\" \/>\n\t<meta name=\"twitter:data1\" content=\"6 minutos\" \/>\n<script type=\"application\/ld+json\" class=\"yoast-schema-graph\">{\"@context\":\"https:\/\/schema.org\",\"@graph\":[{\"@type\":\"WebPage\",\"@id\":\"https:\/\/bonsviualcudia.com\/es\/politica-de-privacidad\/\",\"url\":\"https:\/\/bonsviualcudia.com\/es\/politica-de-privacidad\/\",\"name\":\"Pol\u00edtica de privacidad - Bons Viu Alc\u00fadia\",\"isPartOf\":{\"@id\":\"https:\/\/bonsviualcudia.com\/es\/#website\"},\"datePublished\":\"2023-04-14T11:51:55+00:00\",\"dateModified\":\"2024-02-22T15:51:01+00:00\",\"breadcrumb\":{\"@id\":\"https:\/\/bonsviualcudia.com\/es\/politica-de-privacidad\/#breadcrumb\"},\"inLanguage\":\"es\",\"potentialAction\":[{\"@type\":\"ReadAction\",\"target\":[\"https:\/\/bonsviualcudia.com\/es\/politica-de-privacidad\/\"]}]},{\"@type\":\"BreadcrumbList\",\"@id\":\"https:\/\/bonsviualcudia.com\/es\/politica-de-privacidad\/#breadcrumb\",\"itemListElement\":[{\"@type\":\"ListItem\",\"position\":1,\"name\":\"Portada\",\"item\":\"https:\/\/bonsviualcudia.com\/es\/\"},{\"@type\":\"ListItem\",\"position\":2,\"name\":\"Pol\u00edtica de privacidad\"}]},{\"@type\":\"WebSite\",\"@id\":\"https:\/\/bonsviualcudia.com\/es\/#website\",\"url\":\"https:\/\/bonsviualcudia.com\/es\/\",\"name\":\"Bons Viu Alc\u00fadia\",\"description\":\"Apoya al comercio y restauraci\u00f3n de Alc\u00fadia\",\"publisher\":{\"@id\":\"https:\/\/bonsviualcudia.com\/es\/#organization\"},\"potentialAction\":[{\"@type\":\"SearchAction\",\"target\":{\"@type\":\"EntryPoint\",\"urlTemplate\":\"https:\/\/bonsviualcudia.com\/es\/?s={search_term_string}\"},\"query-input\":{\"@type\":\"PropertyValueSpecification\",\"valueRequired\":true,\"valueName\":\"search_term_string\"}}],\"inLanguage\":\"es\"},{\"@type\":\"Organization\",\"@id\":\"https:\/\/bonsviualcudia.com\/es\/#organization\",\"name\":\"Bons Viu Alc\u00fadia\",\"url\":\"https:\/\/bonsviualcudia.com\/es\/\",\"logo\":{\"@type\":\"ImageObject\",\"inLanguage\":\"es\",\"@id\":\"https:\/\/bonsviualcudia.com\/es\/#\/schema\/logo\/image\/\",\"url\":\"https:\/\/bonsviualcudia.com\/wp-content\/uploads\/2023\/03\/400x175.png\",\"contentUrl\":\"https:\/\/bonsviualcudia.com\/wp-content\/uploads\/2023\/03\/400x175.png\",\"width\":400,\"height\":175,\"caption\":\"Bons Viu Alc\u00fadia\"},\"image\":{\"@id\":\"https:\/\/bonsviualcudia.com\/es\/#\/schema\/logo\/image\/\"}}]}<\/script>\n<!-- \/ Yoast SEO plugin. -->","yoast_head_json":{"title":"Pol\u00edtica de privacidad - Bons Viu Alc\u00fadia","robots":{"index":"index","follow":"follow","max-snippet":"max-snippet:-1","max-image-preview":"max-image-preview:large","max-video-preview":"max-video-preview:-1"},"canonical":"https:\/\/bonsviualcudia.com\/es\/politica-de-privacidad\/","og_locale":"es_ES","og_type":"article","og_title":"Pol\u00edtica de privacidad - Bons Viu Alc\u00fadia","og_url":"https:\/\/bonsviualcudia.com\/es\/politica-de-privacidad\/","og_site_name":"Bons Viu Alc\u00fadia","article_modified_time":"2024-02-22T15:51:01+00:00","twitter_card":"summary_large_image","twitter_misc":{"Tiempo de lectura":"6 minutos"},"schema":{"@context":"https:\/\/schema.org","@graph":[{"@type":"WebPage","@id":"https:\/\/bonsviualcudia.com\/es\/politica-de-privacidad\/","url":"https:\/\/bonsviualcudia.com\/es\/politica-de-privacidad\/","name":"Pol\u00edtica de privacidad - Bons Viu Alc\u00fadia","isPartOf":{"@id":"https:\/\/bonsviualcudia.com\/es\/#website"},"datePublished":"2023-04-14T11:51:55+00:00","dateModified":"2024-02-22T15:51:01+00:00","breadcrumb":{"@id":"https:\/\/bonsviualcudia.com\/es\/politica-de-privacidad\/#breadcrumb"},"inLanguage":"es","potentialAction":[{"@type":"ReadAction","target":["https:\/\/bonsviualcudia.com\/es\/politica-de-privacidad\/"]}]},{"@type":"BreadcrumbList","@id":"https:\/\/bonsviualcudia.com\/es\/politica-de-privacidad\/#breadcrumb","itemListElement":[{"@type":"ListItem","position":1,"name":"Portada","item":"https:\/\/bonsviualcudia.com\/es\/"},{"@type":"ListItem","position":2,"name":"Pol\u00edtica de privacidad"}]},{"@type":"WebSite","@id":"https:\/\/bonsviualcudia.com\/es\/#website","url":"https:\/\/bonsviualcudia.com\/es\/","name":"Bons Viu Alc\u00fadia","description":"Apoya al comercio y restauraci\u00f3n de Alc\u00fadia","publisher":{"@id":"https:\/\/bonsviualcudia.com\/es\/#organization"},"potentialAction":[{"@type":"SearchAction","target":{"@type":"EntryPoint","urlTemplate":"https:\/\/bonsviualcudia.com\/es\/?s={search_term_string}"},"query-input":{"@type":"PropertyValueSpecification","valueRequired":true,"valueName":"search_term_string"}}],"inLanguage":"es"},{"@type":"Organization","@id":"https:\/\/bonsviualcudia.com\/es\/#organization","name":"Bons Viu Alc\u00fadia","url":"https:\/\/bonsviualcudia.com\/es\/","logo":{"@type":"ImageObject","inLanguage":"es","@id":"https:\/\/bonsviualcudia.com\/es\/#\/schema\/logo\/image\/","url":"https:\/\/bonsviualcudia.com\/wp-content\/uploads\/2023\/03\/400x175.png","contentUrl":"https:\/\/bonsviualcudia.com\/wp-content\/uploads\/2023\/03\/400x175.png","width":400,"height":175,"caption":"Bons Viu Alc\u00fadia"},"image":{"@id":"https:\/\/bonsviualcudia.com\/es\/#\/schema\/logo\/image\/"}}]}},"_links":{"self":[{"href":"https:\/\/bonsviualcudia.com\/es\/wp-json\/wp\/v2\/pages\/3542","targetHints":{"allow":["GET"]}}],"collection":[{"href":"https:\/\/bonsviualcudia.com\/es\/wp-json\/wp\/v2\/pages"}],"about":[{"href":"https:\/\/bonsviualcudia.com\/es\/wp-json\/wp\/v2\/types\/page"}],"author":[{"embeddable":true,"href":"https:\/\/bonsviualcudia.com\/es\/wp-json\/wp\/v2\/users\/1"}],"replies":[{"embeddable":true,"href":"https:\/\/bonsviualcudia.com\/es\/wp-json\/wp\/v2\/comments?post=3542"}],"version-history":[{"count":4,"href":"https:\/\/bonsviualcudia.com\/es\/wp-json\/wp\/v2\/pages\/3542\/revisions"}],"predecessor-version":[{"id":3686,"href":"https:\/\/bonsviualcudia.com\/es\/wp-json\/wp\/v2\/pages\/3542\/revisions\/3686"}],"wp:attachment":[{"href":"https:\/\/bonsviualcudia.com\/es\/wp-json\/wp\/v2\/media?parent=3542"}],"curies":[{"name":"wp","href":"https:\/\/api.w.org\/{rel}","templated":true}]}}